{"id":18,"date":"2017-06-04T18:20:13","date_gmt":"2017-06-04T18:20:13","guid":{"rendered":"http:\/\/andrea-proels.de\/?page_id=18"},"modified":"2017-07-16T16:07:26","modified_gmt":"2017-07-16T16:07:26","slug":"impressum","status":"publish","type":"page","link":"https:\/\/andrea-proels.de\/?page_id=18","title":{"rendered":"Impressum"},"content":{"rendered":"<p>Andrea Pr\u00f6ls<br \/>\nHauptstra\u00dfe 38<br \/>\n53547 Dattenberg<br \/>\nE-Mail: info@andrea-proels.de<\/p>\n<p>Verantwortlich f\u00fcr den Inhalt gem\u00e4\u00df \u00a7 55, Abs. 2 RStV: Andrea Pr\u00f6ls<br \/>\n<strong>Urheberrecht:<\/strong><br \/>\nAlle Texte und Bilder dieser Website unterliegen dem Urheberrecht. Ohne schriftliche Genehmigung von Andrea Pr\u00f6ls d\u00fcrfen sie nicht in andere Medien \u00fcbernommen werden oder genutzt werden.<br \/>\n<strong>Haftungsausschluss:<\/strong><br \/>\nF\u00fcr Fehler redaktioneller und technischer Art sowie die allgemeine Richtigkeit der Eintragungen kann keine Haftung \u00fcbernommen werden. Trotz sorgf\u00e4ltiger inhaltlicher Kontrolle \u00fcbernehmen wir keine Haftung f\u00fcr die Inhalte externer Links. F\u00fcr den Inhalt der verlinkten Seite sind ausschlie\u00dflich die Betreiber verantwortlich.<\/p>\n","protected":false},"excerpt":{"rendered":"<p>Andrea Pr\u00f6ls Hauptstra\u00dfe 38 53547 Dattenberg E-Mail: info@andrea-proels.de Verantwortlich f\u00fcr den Inhalt gem\u00e4\u00df \u00a7 55, Abs. 2 RStV: Andrea Pr\u00f6ls Urheberrecht: Alle Texte und Bilder dieser Website unterliegen dem Urheberrecht. Ohne schriftliche Genehmigung von Andrea Pr\u00f6ls d\u00fcrfen sie nicht in andere Medien \u00fcbernommen werden oder genutzt werden. Haftungsausschluss: F\u00fcr Fehler redaktioneller und technischer Art sowie [&hellip;]<\/p>\n","protected":false},"author":1,"featured_media":0,"parent":0,"menu_order":0,"comment_status":"closed","ping_status":"closed","template":"","meta":{"footnotes":""},"class_list":["post-18","page","type-page","status-publish","hentry"],"_links":{"self":[{"href":"https:\/\/andrea-proels.de\/index.php?rest_route=\/wp\/v2\/pages\/18","targetHints":{"allow":["GET"]}}],"collection":[{"href":"https:\/\/andrea-proels.de\/index.php?rest_route=\/wp\/v2\/pages"}],"about":[{"href":"https:\/\/andrea-proels.de\/index.php?rest_route=\/wp\/v2\/types\/page"}],"author":[{"embeddable":true,"href":"https:\/\/andrea-proels.de\/index.php?rest_route=\/wp\/v2\/users\/1"}],"replies":[{"embeddable":true,"href":"https:\/\/andrea-proels.de\/index.php?rest_route=%2Fwp%2Fv2%2Fcomments&post=18"}],"version-history":[{"count":6,"href":"https:\/\/andrea-proels.de\/index.php?rest_route=\/wp\/v2\/pages\/18\/revisions"}],"predecessor-version":[{"id":124,"href":"https:\/\/andrea-proels.de\/index.php?rest_route=\/wp\/v2\/pages\/18\/revisions\/124"}],"wp:attachment":[{"href":"https:\/\/andrea-proels.de\/index.php?rest_route=%2Fwp%2Fv2%2Fmedia&parent=18"}],"curies":[{"name":"wp","href":"https:\/\/api.w.org\/{rel}","templated":true}]}}